{"id":44,"date":"2021-10-25T19:44:59","date_gmt":"2021-10-25T17:44:59","guid":{"rendered":"http:\/\/www.himmelshof.at\/?page_id=44"},"modified":"2025-01-13T12:47:40","modified_gmt":"2025-01-13T11:47:40","slug":"wir-vom-himmelshof","status":"publish","type":"page","link":"https:\/\/www.himmelshof.at\/?page_id=44","title":{"rendered":"WIR vom Himmelshof"},"content":{"rendered":"\n<p>Matthias \ud83d\udcab <\/p>\n\n\n\n<p>Unser geliebter Lebensmensch, der den Ansto\u00df zu unserem himmlischen Projekt gab, schaut voll Stolz und Liebe von seinem Himmel aus auf seinen Hof hinunter und sieht all das Gl\u00fcck und Sch\u00f6ne, das so viele Menschen hier nun erleben d\u00fcrfen.<\/p>\n\n\n\n<p>Gabriele \ud83d\udc69\u200d\ud83c\udf3e<\/p>\n\n\n\n<p>Madame 100.000Volt, die den unbeschreiblichen Schicksalsschlag mit Liebe im Herzen und Power im Blut in etwas Gutes und Sch\u00f6nes verwandelt hat: Matthias Himmelshof &#8211; ein Kraftplatz, an dem Matthias Idee vom Ort der Ruhe und des Gl\u00fccks &#8211; weitab von Hektik und Stress und doch zum Greifen nah &#8211; wahr wurde und nun so viele Menschen daran teilhaben l\u00e4sst.<\/p>\n\n\n\n<p>Lukas \ud83d\udc77<\/p>\n\n\n\n<p>Unser Ruhepol, der auf seinem traumhaften Grundst\u00fcck am so ziemlich sch\u00f6nsten Platz von Wien dem Traum vom Himmelshof eine reale Heimat und &#8211; mit K\u00f6pfchen und handwerklichem Geschick &#8211; die M\u00f6glichkeit zur Umsetzung in die Tat gegeben hat.<\/p>\n\n\n\n<p>Meli \ud83d\udc7c<\/p>\n\n\n\n<p>Unser Silberstreif am Horizont &#8211; ohne ihr Engagement, ihre Allzeitbereitschaft und ihre spr\u00fchenden Ideen w\u00e4re der Himmelshof immer noch ein sch\u00f6ner Gedanke und nun ein realer Ort, an dem eure und unsere Tr\u00e4ume wahr wurden und werden.<\/p>\n\n\n\n<p>Familie und Freunde \u26d1<\/p>\n\n\n\n<p>Viele Stunden waren sie mit tatkr\u00e4ftiger Unterst\u00fctzung und Nervenst\u00e4rke bei Wind und Wetter zur Stelle, um eine brachliegende ,Gstettn\u2018 aus dem Dornr\u00f6schenschlaf zu erl\u00f6sen und aus ihr einen zauberhaften Ort f\u00fcr Tier und Mensch zu machen.<\/p>\n\n\n\n<p><img loading=\"lazy\" decoding=\"async\" width=\"600\" height=\"899\" class=\"wp-image-321\" style=\"width: 600px;\" src=\"https:\/\/www.himmelshof.at\/wp-content\/uploads\/2021\/11\/06B85640-0C0A-46D1-8AC6-8A03D227A4C9.jpeg\" alt=\"\" srcset=\"https:\/\/www.himmelshof.at\/wp-content\/uploads\/2021\/11\/06B85640-0C0A-46D1-8AC6-8A03D227A4C9.jpeg 1201w, https:\/\/www.himmelshof.at\/wp-content\/uploads\/2021\/11\/06B85640-0C0A-46D1-8AC6-8A03D227A4C9-200x300.jpeg 200w, https:\/\/www.himmelshof.at\/wp-content\/uploads\/2021\/11\/06B85640-0C0A-46D1-8AC6-8A03D227A4C9-683x1024.jpeg 683w, https:\/\/www.himmelshof.at\/wp-content\/uploads\/2021\/11\/06B85640-0C0A-46D1-8AC6-8A03D227A4C9-768x1151.jpeg 768w, https:\/\/www.himmelshof.at\/wp-content\/uploads\/2021\/11\/06B85640-0C0A-46D1-8AC6-8A03D227A4C9-1025x1536.jpeg 1025w\" sizes=\"auto, (max-width: 600px) 100vw, 600px\" \/>               <\/p>\n\n\n\n<p><img loading=\"lazy\" decoding=\"async\" width=\"600\" height=\"450\" class=\"wp-image-736\" style=\"width: 600px;\" src=\"https:\/\/www.himmelshof.at\/wp-content\/uploads\/2024\/05\/AFA71942-1041-4817-9911-66AC4350DC32.jpeg\" alt=\"\" srcset=\"https:\/\/www.himmelshof.at\/wp-content\/uploads\/2024\/05\/AFA71942-1041-4817-9911-66AC4350DC32.jpeg 2522w, https:\/\/www.himmelshof.at\/wp-content\/uploads\/2024\/05\/AFA71942-1041-4817-9911-66AC4350DC32-300x225.jpeg 300w, https:\/\/www.himmelshof.at\/wp-content\/uploads\/2024\/05\/AFA71942-1041-4817-9911-66AC4350DC32-1024x768.jpeg 1024w, https:\/\/www.himmelshof.at\/wp-content\/uploads\/2024\/05\/AFA71942-1041-4817-9911-66AC4350DC32-768x576.jpeg 768w, https:\/\/www.himmelshof.at\/wp-content\/uploads\/2024\/05\/AFA71942-1041-4817-9911-66AC4350DC32-1536x1152.jpeg 1536w, https:\/\/www.himmelshof.at\/wp-content\/uploads\/2024\/05\/AFA71942-1041-4817-9911-66AC4350DC32-2048x1536.jpeg 2048w, https:\/\/www.himmelshof.at\/wp-content\/uploads\/2024\/05\/AFA71942-1041-4817-9911-66AC4350DC32-1568x1176.jpeg 1568w\" sizes=\"auto, (max-width: 600px) 100vw, 600px\" \/> <br><\/p>\n\n\n\n<p> <img loading=\"lazy\" decoding=\"async\" width=\"570\" height=\"760\" class=\"wp-image-737\" style=\"width: 570px;\" src=\"https:\/\/www.himmelshof.at\/wp-content\/uploads\/2024\/05\/5338BA21-C360-4BB7-824B-C3BB94FA2212-scaled.jpeg\" alt=\"\" srcset=\"https:\/\/www.himmelshof.at\/wp-content\/uploads\/2024\/05\/5338BA21-C360-4BB7-824B-C3BB94FA2212-scaled.jpeg 1920w, https:\/\/www.himmelshof.at\/wp-content\/uploads\/2024\/05\/5338BA21-C360-4BB7-824B-C3BB94FA2212-225x300.jpeg 225w, https:\/\/www.himmelshof.at\/wp-content\/uploads\/2024\/05\/5338BA21-C360-4BB7-824B-C3BB94FA2212-768x1024.jpeg 768w, https:\/\/www.himmelshof.at\/wp-content\/uploads\/2024\/05\/5338BA21-C360-4BB7-824B-C3BB94FA2212-1152x1536.jpeg 1152w, https:\/\/www.himmelshof.at\/wp-content\/uploads\/2024\/05\/5338BA21-C360-4BB7-824B-C3BB94FA2212-1536x2048.jpeg 1536w, https:\/\/www.himmelshof.at\/wp-content\/uploads\/2024\/05\/5338BA21-C360-4BB7-824B-C3BB94FA2212-1568x2091.jpeg 1568w\" sizes=\"auto, (max-width: 570px) 100vw, 570px\" \/>  <\/p>\n\n\n\n<p>Unsere Herde <\/p>\n\n\n\n<p>\ud83e\udd99 Mogli, Black Beauty, der erkl\u00e4rte Chef der Bande<\/p>\n\n\n\n<p>\ud83e\udd99 Balu, brauner B\u00e4r, der mit einem einzigen Blick dein Herz erobert<\/p>\n\n\n\n<p>\ud83e\udd99 Simba, blau\u00e4ugige Sch\u00f6nheit, unser Alpaka-Nesth\u00e4kchen<\/p>\n\n\n\n<p>\ud83d\udc0f Batman, das tollste Schaf der Welt<\/p>\n\n\n\n<p>\ud83d\udc11 Schneewittchen, die Allersch\u00f6nste<\/p>\n\n\n\n<p>\ud83d\udc11 Pocahontas, unsere kleine Diva<\/p>\n\n\n\n<p>\ud83d\udc0f Mozart, unser liebenswertes L\u00e4mmchen<\/p>\n\n\n\n<p>\ud83d\udc15 Medea, tollste Assistenzh\u00fcndin der Welt und 45kg-Kuschelmaus<\/p>\n\n\n\n<p>\ud83d\udc36 Magnus, s\u00fc\u00dfer Labradorwelpe in Ausbildung zum Assistenthund<\/p>\n\n\n\n<p>\ud83d\udc1d Himmelshof-Bienen, unsere unerm\u00fcdlichen HelferInnen<\/p>\n\n\n\n<p><\/p>\n\n\n\n<p><\/p>\n","protected":false},"excerpt":{"rendered":"<p>Matthias \ud83d\udcab Unser geliebter Lebensmensch, der den Ansto\u00df zu unserem himmlischen Projekt gab, schaut voll Stolz und Liebe von seinem Himmel aus auf seinen Hof hinunter und sieht all das Gl\u00fcck und Sch\u00f6ne, das so viele Menschen hier nun erleben d\u00fcrfen. Gabriele \ud83d\udc69\u200d\ud83c\udf3e Madame 100.000Volt, die den unbeschreiblichen Schicksalsschlag mit Liebe im Herzen und Power&hellip; <a class=\"more-link\" href=\"https:\/\/www.himmelshof.at\/?page_id=44\"><span class=\"screen-reader-text\">WIR vom Himmelshof<\/span> weiterlesen<\/a><\/p>\n","protected":false},"author":1,"featured_media":15,"parent":0,"menu_order":0,"comment_status":"closed","ping_status":"closed","template":"","meta":{"footnotes":""},"class_list":["post-44","page","type-page","status-publish","has-post-thumbnail","hentry","entry"],"_links":{"self":[{"href":"https:\/\/www.himmelshof.at\/index.php?rest_route=\/wp\/v2\/pages\/44","targetHints":{"allow":["GET"]}}],"collection":[{"href":"https:\/\/www.himmelshof.at\/index.php?rest_route=\/wp\/v2\/pages"}],"about":[{"href":"https:\/\/www.himmelshof.at\/index.php?rest_route=\/wp\/v2\/types\/page"}],"author":[{"embeddable":true,"href":"https:\/\/www.himmelshof.at\/index.php?rest_route=\/wp\/v2\/users\/1"}],"replies":[{"embeddable":true,"href":"https:\/\/www.himmelshof.at\/index.php?rest_route=%2Fwp%2Fv2%2Fcomments&post=44"}],"version-history":[{"count":21,"href":"https:\/\/www.himmelshof.at\/index.php?rest_route=\/wp\/v2\/pages\/44\/revisions"}],"predecessor-version":[{"id":804,"href":"https:\/\/www.himmelshof.at\/index.php?rest_route=\/wp\/v2\/pages\/44\/revisions\/804"}],"wp:featuredmedia":[{"embeddable":true,"href":"https:\/\/www.himmelshof.at\/index.php?rest_route=\/wp\/v2\/media\/15"}],"wp:attachment":[{"href":"https:\/\/www.himmelshof.at\/index.php?rest_route=%2Fwp%2Fv2%2Fmedia&parent=44"}],"curies":[{"name":"wp","href":"https:\/\/api.w.org\/{rel}","templated":true}]}}