{"id":26,"date":"2021-10-25T13:39:20","date_gmt":"2021-10-25T11:39:20","guid":{"rendered":"http:\/\/www.himmelshof.at\/?page_id=26"},"modified":"2023-08-04T07:50:44","modified_gmt":"2023-08-04T05:50:44","slug":"willkommen-auf-matthias-himmelshof","status":"publish","type":"page","link":"https:\/\/www.himmelshof.at\/","title":{"rendered":"Willkommen auf Matthias Himmelshof"},"content":{"rendered":"\n<p>                  <br><\/p>\n\n\n\n<p>Nehmt eine Auszeit vom Alltag, lasst Stress und Sorgen hinter euch und verbringt himmlische Stunden am Rande von Wien mit unseren Alpakas, Zwergschafen und Assistenzhunden.  <br><br><img loading=\"lazy\" decoding=\"async\" width=\"610\" height=\"813\" class=\"wp-image-394\" style=\"width: 610px;\" src=\"https:\/\/www.himmelshof.at\/wp-content\/uploads\/2022\/04\/3761273A-489E-4FF0-AD3B-4321D9A19C05-scaled.jpeg\" alt=\"\" srcset=\"https:\/\/www.himmelshof.at\/wp-content\/uploads\/2022\/04\/3761273A-489E-4FF0-AD3B-4321D9A19C05-scaled.jpeg 1920w, https:\/\/www.himmelshof.at\/wp-content\/uploads\/2022\/04\/3761273A-489E-4FF0-AD3B-4321D9A19C05-225x300.jpeg 225w, https:\/\/www.himmelshof.at\/wp-content\/uploads\/2022\/04\/3761273A-489E-4FF0-AD3B-4321D9A19C05-768x1024.jpeg 768w, https:\/\/www.himmelshof.at\/wp-content\/uploads\/2022\/04\/3761273A-489E-4FF0-AD3B-4321D9A19C05-1152x1536.jpeg 1152w, https:\/\/www.himmelshof.at\/wp-content\/uploads\/2022\/04\/3761273A-489E-4FF0-AD3B-4321D9A19C05-1536x2048.jpeg 1536w, https:\/\/www.himmelshof.at\/wp-content\/uploads\/2022\/04\/3761273A-489E-4FF0-AD3B-4321D9A19C05-1568x2091.jpeg 1568w\" sizes=\"auto, (max-width: 610px) 100vw, 610px\" \/><\/p>\n\n\n\n<p>Tankt neue Energie und entschleunigt im Kraftfeld Himmelshof, beh\u00fctet von alten Baumriesen und begleitet vom Summen unserer emsigen Honigbienen.                                <br>                                       <br><\/p>\n\n\n\n<figure class=\"wp-block-image size-large\"><img loading=\"lazy\" decoding=\"async\" width=\"768\" height=\"1024\" src=\"https:\/\/www.himmelshof.at\/wp-content\/uploads\/2021\/11\/7929E355-880B-4C50-A3FF-7C482C0C7E0D-768x1024.jpeg\" alt=\"\" class=\"wp-image-250\" srcset=\"https:\/\/www.himmelshof.at\/wp-content\/uploads\/2021\/11\/7929E355-880B-4C50-A3FF-7C482C0C7E0D-768x1024.jpeg 768w, https:\/\/www.himmelshof.at\/wp-content\/uploads\/2021\/11\/7929E355-880B-4C50-A3FF-7C482C0C7E0D-225x300.jpeg 225w, https:\/\/www.himmelshof.at\/wp-content\/uploads\/2021\/11\/7929E355-880B-4C50-A3FF-7C482C0C7E0D-1152x1536.jpeg 1152w, https:\/\/www.himmelshof.at\/wp-content\/uploads\/2021\/11\/7929E355-880B-4C50-A3FF-7C482C0C7E0D-1536x2048.jpeg 1536w, https:\/\/www.himmelshof.at\/wp-content\/uploads\/2021\/11\/7929E355-880B-4C50-A3FF-7C482C0C7E0D-1568x2091.jpeg 1568w, https:\/\/www.himmelshof.at\/wp-content\/uploads\/2021\/11\/7929E355-880B-4C50-A3FF-7C482C0C7E0D-scaled.jpeg 1920w\" sizes=\"auto, (max-width: 768px) 100vw, 768px\" \/><\/figure>\n\n\n\n<p><strong>Machen wir <\/strong><strong>die Welt gemeinsam ein bisschen sch\u00f6ner!<\/strong><\/p>\n\n\n\n<p>Bei deinem Besuch am Himmelshof tust du nicht nur dir und deinen Lieben etwas Gutes: Dein Eintritt erm\u00f6glicht es, dass gehandicapte Kinder und Jugendliche mit besonderen Bed\u00fcrfnissen ein paar unbeschwerte Stunden mit unseren Therapietieren verbringen k\u00f6nnen. <\/p>\n\n\n\n<p> <img loading=\"lazy\" decoding=\"async\" width=\"265\" height=\"199\" class=\"wp-image-115\" style=\"width: 265px;\" src=\"https:\/\/www.himmelshof.at\/wp-content\/uploads\/2021\/11\/8FD5BCFE-7337-4855-9E5D-8D640B3AEB56-scaled.jpeg\" alt=\"\" srcset=\"https:\/\/www.himmelshof.at\/wp-content\/uploads\/2021\/11\/8FD5BCFE-7337-4855-9E5D-8D640B3AEB56-scaled.jpeg 2560w, https:\/\/www.himmelshof.at\/wp-content\/uploads\/2021\/11\/8FD5BCFE-7337-4855-9E5D-8D640B3AEB56-300x225.jpeg 300w, https:\/\/www.himmelshof.at\/wp-content\/uploads\/2021\/11\/8FD5BCFE-7337-4855-9E5D-8D640B3AEB56-1024x768.jpeg 1024w, https:\/\/www.himmelshof.at\/wp-content\/uploads\/2021\/11\/8FD5BCFE-7337-4855-9E5D-8D640B3AEB56-768x576.jpeg 768w, https:\/\/www.himmelshof.at\/wp-content\/uploads\/2021\/11\/8FD5BCFE-7337-4855-9E5D-8D640B3AEB56-1536x1152.jpeg 1536w, https:\/\/www.himmelshof.at\/wp-content\/uploads\/2021\/11\/8FD5BCFE-7337-4855-9E5D-8D640B3AEB56-2048x1536.jpeg 2048w, https:\/\/www.himmelshof.at\/wp-content\/uploads\/2021\/11\/8FD5BCFE-7337-4855-9E5D-8D640B3AEB56-1568x1176.jpeg 1568w\" sizes=\"auto, (max-width: 265px) 100vw, 265px\" \/>  <img loading=\"lazy\" decoding=\"async\" width=\"150\" height=\"200\" class=\"wp-image-216\" style=\"width: 150px;\" src=\"https:\/\/www.himmelshof.at\/wp-content\/uploads\/2021\/11\/79E07128-70FC-4196-A6A7-657D070B43A8-scaled.jpeg\" alt=\"\" srcset=\"https:\/\/www.himmelshof.at\/wp-content\/uploads\/2021\/11\/79E07128-70FC-4196-A6A7-657D070B43A8-scaled.jpeg 1920w, https:\/\/www.himmelshof.at\/wp-content\/uploads\/2021\/11\/79E07128-70FC-4196-A6A7-657D070B43A8-225x300.jpeg 225w, https:\/\/www.himmelshof.at\/wp-content\/uploads\/2021\/11\/79E07128-70FC-4196-A6A7-657D070B43A8-768x1024.jpeg 768w, https:\/\/www.himmelshof.at\/wp-content\/uploads\/2021\/11\/79E07128-70FC-4196-A6A7-657D070B43A8-1152x1536.jpeg 1152w, https:\/\/www.himmelshof.at\/wp-content\/uploads\/2021\/11\/79E07128-70FC-4196-A6A7-657D070B43A8-1536x2048.jpeg 1536w, https:\/\/www.himmelshof.at\/wp-content\/uploads\/2021\/11\/79E07128-70FC-4196-A6A7-657D070B43A8-1568x2091.jpeg 1568w\" sizes=\"auto, (max-width: 150px) 100vw, 150px\" \/>  <img loading=\"lazy\" decoding=\"async\" width=\"150\" height=\"200\" class=\"wp-image-283\" style=\"width: 150px;\" src=\"https:\/\/www.himmelshof.at\/wp-content\/uploads\/2021\/11\/3F09D751-4AD4-4445-8DDA-17C0BAFC502B-scaled.jpeg\" alt=\"\" srcset=\"https:\/\/www.himmelshof.at\/wp-content\/uploads\/2021\/11\/3F09D751-4AD4-4445-8DDA-17C0BAFC502B-scaled.jpeg 1920w, https:\/\/www.himmelshof.at\/wp-content\/uploads\/2021\/11\/3F09D751-4AD4-4445-8DDA-17C0BAFC502B-225x300.jpeg 225w, https:\/\/www.himmelshof.at\/wp-content\/uploads\/2021\/11\/3F09D751-4AD4-4445-8DDA-17C0BAFC502B-768x1024.jpeg 768w, https:\/\/www.himmelshof.at\/wp-content\/uploads\/2021\/11\/3F09D751-4AD4-4445-8DDA-17C0BAFC502B-1152x1536.jpeg 1152w, https:\/\/www.himmelshof.at\/wp-content\/uploads\/2021\/11\/3F09D751-4AD4-4445-8DDA-17C0BAFC502B-1536x2048.jpeg 1536w, https:\/\/www.himmelshof.at\/wp-content\/uploads\/2021\/11\/3F09D751-4AD4-4445-8DDA-17C0BAFC502B-1568x2091.jpeg 1568w\" sizes=\"auto, (max-width: 150px) 100vw, 150px\" \/>    <br><br><br> <img loading=\"lazy\" decoding=\"async\" width=\"220\" height=\"165\" class=\"wp-image-256\" style=\"width: 220px;\" src=\"https:\/\/www.himmelshof.at\/wp-content\/uploads\/2021\/11\/7978D0E4-4619-42B1-9DBA-808C5798E9F7.png\" alt=\"\" srcset=\"https:\/\/www.himmelshof.at\/wp-content\/uploads\/2021\/11\/7978D0E4-4619-42B1-9DBA-808C5798E9F7.png 2048w, https:\/\/www.himmelshof.at\/wp-content\/uploads\/2021\/11\/7978D0E4-4619-42B1-9DBA-808C5798E9F7-300x225.png 300w, https:\/\/www.himmelshof.at\/wp-content\/uploads\/2021\/11\/7978D0E4-4619-42B1-9DBA-808C5798E9F7-1024x768.png 1024w, https:\/\/www.himmelshof.at\/wp-content\/uploads\/2021\/11\/7978D0E4-4619-42B1-9DBA-808C5798E9F7-768x576.png 768w, https:\/\/www.himmelshof.at\/wp-content\/uploads\/2021\/11\/7978D0E4-4619-42B1-9DBA-808C5798E9F7-1536x1152.png 1536w, https:\/\/www.himmelshof.at\/wp-content\/uploads\/2021\/11\/7978D0E4-4619-42B1-9DBA-808C5798E9F7-1568x1176.png 1568w\" sizes=\"auto, (max-width: 220px) 100vw, 220px\" \/>  <img loading=\"lazy\" decoding=\"async\" width=\"130\" height=\"173\" class=\"wp-image-613\" style=\"width: 130px;\" src=\"https:\/\/www.himmelshof.at\/wp-content\/uploads\/2023\/08\/63488E0D-1815-4931-B686-08EFD9F2B6F9.jpeg\" alt=\"\" srcset=\"https:\/\/www.himmelshof.at\/wp-content\/uploads\/2023\/08\/63488E0D-1815-4931-B686-08EFD9F2B6F9.jpeg 1536w, https:\/\/www.himmelshof.at\/wp-content\/uploads\/2023\/08\/63488E0D-1815-4931-B686-08EFD9F2B6F9-225x300.jpeg 225w, https:\/\/www.himmelshof.at\/wp-content\/uploads\/2023\/08\/63488E0D-1815-4931-B686-08EFD9F2B6F9-768x1024.jpeg 768w, https:\/\/www.himmelshof.at\/wp-content\/uploads\/2023\/08\/63488E0D-1815-4931-B686-08EFD9F2B6F9-1152x1536.jpeg 1152w\" sizes=\"auto, (max-width: 130px) 100vw, 130px\" \/>  <img loading=\"lazy\" decoding=\"async\" width=\"220\" height=\"165\" class=\"wp-image-600\" style=\"width: 220px;\" src=\"https:\/\/www.himmelshof.at\/wp-content\/uploads\/2023\/07\/FD65B214-6C97-4DD9-B8BE-9C0BCBA89EA6.jpeg\" alt=\"\" srcset=\"https:\/\/www.himmelshof.at\/wp-content\/uploads\/2023\/07\/FD65B214-6C97-4DD9-B8BE-9C0BCBA89EA6.jpeg 1574w, https:\/\/www.himmelshof.at\/wp-content\/uploads\/2023\/07\/FD65B214-6C97-4DD9-B8BE-9C0BCBA89EA6-300x225.jpeg 300w, https:\/\/www.himmelshof.at\/wp-content\/uploads\/2023\/07\/FD65B214-6C97-4DD9-B8BE-9C0BCBA89EA6-1024x768.jpeg 1024w, https:\/\/www.himmelshof.at\/wp-content\/uploads\/2023\/07\/FD65B214-6C97-4DD9-B8BE-9C0BCBA89EA6-768x576.jpeg 768w, https:\/\/www.himmelshof.at\/wp-content\/uploads\/2023\/07\/FD65B214-6C97-4DD9-B8BE-9C0BCBA89EA6-1536x1152.jpeg 1536w, https:\/\/www.himmelshof.at\/wp-content\/uploads\/2023\/07\/FD65B214-6C97-4DD9-B8BE-9C0BCBA89EA6-1568x1176.jpeg 1568w\" sizes=\"auto, (max-width: 220px) 100vw, 220px\" \/><\/p>\n\n\n\n<p><br><img loading=\"lazy\" decoding=\"async\" width=\"290\" height=\"218\" class=\"wp-image-488\" style=\"width: 290px;\" src=\"https:\/\/www.himmelshof.at\/wp-content\/uploads\/2022\/07\/3D4BC73C-7520-40CD-BE07-94292CA386F3.jpeg\" alt=\"\" srcset=\"https:\/\/www.himmelshof.at\/wp-content\/uploads\/2022\/07\/3D4BC73C-7520-40CD-BE07-94292CA386F3.jpeg 2048w, https:\/\/www.himmelshof.at\/wp-content\/uploads\/2022\/07\/3D4BC73C-7520-40CD-BE07-94292CA386F3-300x225.jpeg 300w, https:\/\/www.himmelshof.at\/wp-content\/uploads\/2022\/07\/3D4BC73C-7520-40CD-BE07-94292CA386F3-1024x768.jpeg 1024w, https:\/\/www.himmelshof.at\/wp-content\/uploads\/2022\/07\/3D4BC73C-7520-40CD-BE07-94292CA386F3-768x576.jpeg 768w, https:\/\/www.himmelshof.at\/wp-content\/uploads\/2022\/07\/3D4BC73C-7520-40CD-BE07-94292CA386F3-1536x1152.jpeg 1536w, https:\/\/www.himmelshof.at\/wp-content\/uploads\/2022\/07\/3D4BC73C-7520-40CD-BE07-94292CA386F3-1568x1176.jpeg 1568w\" sizes=\"auto, (max-width: 290px) 100vw, 290px\" \/>    <img loading=\"lazy\" decoding=\"async\" width=\"290\" height=\"218\" class=\"wp-image-385\" style=\"width: 290px;\" src=\"https:\/\/www.himmelshof.at\/wp-content\/uploads\/2022\/04\/80A04378-A7C9-4EBC-BA2C-101C358E580D-scaled.jpeg\" alt=\"\" srcset=\"https:\/\/www.himmelshof.at\/wp-content\/uploads\/2022\/04\/80A04378-A7C9-4EBC-BA2C-101C358E580D-scaled.jpeg 2560w, https:\/\/www.himmelshof.at\/wp-content\/uploads\/2022\/04\/80A04378-A7C9-4EBC-BA2C-101C358E580D-300x225.jpeg 300w, https:\/\/www.himmelshof.at\/wp-content\/uploads\/2022\/04\/80A04378-A7C9-4EBC-BA2C-101C358E580D-1024x768.jpeg 1024w, https:\/\/www.himmelshof.at\/wp-content\/uploads\/2022\/04\/80A04378-A7C9-4EBC-BA2C-101C358E580D-768x576.jpeg 768w, https:\/\/www.himmelshof.at\/wp-content\/uploads\/2022\/04\/80A04378-A7C9-4EBC-BA2C-101C358E580D-1536x1152.jpeg 1536w, https:\/\/www.himmelshof.at\/wp-content\/uploads\/2022\/04\/80A04378-A7C9-4EBC-BA2C-101C358E580D-2048x1536.jpeg 2048w, https:\/\/www.himmelshof.at\/wp-content\/uploads\/2022\/04\/80A04378-A7C9-4EBC-BA2C-101C358E580D-1568x1176.jpeg 1568w\" sizes=\"auto, (max-width: 290px) 100vw, 290px\" \/><\/p>\n","protected":false},"excerpt":{"rendered":"<p>Nehmt eine Auszeit vom Alltag, lasst Stress und Sorgen hinter euch und verbringt himmlische Stunden am Rande von Wien mit unseren Alpakas, Zwergschafen und Assistenzhunden. Tankt neue Energie und entschleunigt im Kraftfeld Himmelshof, beh\u00fctet von alten Baumriesen und begleitet vom Summen unserer emsigen Honigbienen. Machen wir die Welt gemeinsam ein bisschen sch\u00f6ner! Bei deinem Besuch&hellip; <a class=\"more-link\" href=\"https:\/\/www.himmelshof.at\/\"><span class=\"screen-reader-text\">Willkommen auf Matthias Himmelshof<\/span> weiterlesen<\/a><\/p>\n","protected":false},"author":1,"featured_media":13,"parent":0,"menu_order":0,"comment_status":"closed","ping_status":"closed","template":"","meta":{"footnotes":""},"class_list":["post-26","page","type-page","status-publish","has-post-thumbnail","hentry","entry"],"_links":{"self":[{"href":"https:\/\/www.himmelshof.at\/index.php?rest_route=\/wp\/v2\/pages\/26","targetHints":{"allow":["GET"]}}],"collection":[{"href":"https:\/\/www.himmelshof.at\/index.php?rest_route=\/wp\/v2\/pages"}],"about":[{"href":"https:\/\/www.himmelshof.at\/index.php?rest_route=\/wp\/v2\/types\/page"}],"author":[{"embeddable":true,"href":"https:\/\/www.himmelshof.at\/index.php?rest_route=\/wp\/v2\/users\/1"}],"replies":[{"embeddable":true,"href":"https:\/\/www.himmelshof.at\/index.php?rest_route=%2Fwp%2Fv2%2Fcomments&post=26"}],"version-history":[{"count":17,"href":"https:\/\/www.himmelshof.at\/index.php?rest_route=\/wp\/v2\/pages\/26\/revisions"}],"predecessor-version":[{"id":632,"href":"https:\/\/www.himmelshof.at\/index.php?rest_route=\/wp\/v2\/pages\/26\/revisions\/632"}],"wp:featuredmedia":[{"embeddable":true,"href":"https:\/\/www.himmelshof.at\/index.php?rest_route=\/wp\/v2\/media\/13"}],"wp:attachment":[{"href":"https:\/\/www.himmelshof.at\/index.php?rest_route=%2Fwp%2Fv2%2Fmedia&parent=26"}],"curies":[{"name":"wp","href":"https:\/\/api.w.org\/{rel}","templated":true}]}}